{"id":16651,"date":"2021-10-12T15:51:09","date_gmt":"2021-10-12T13:51:09","guid":{"rendered":"https:\/\/protpool.com\/nosaltres\/"},"modified":"2024-02-08T11:25:32","modified_gmt":"2024-02-08T10:25:32","slug":"nosotros","status":"publish","type":"page","link":"https:\/\/protpool.com\/es\/nosotros\/","title":{"rendered":"Nosotros"},"content":{"rendered":"\t\t<div data-elementor-type=\"wp-page\" data-elementor-id=\"16651\" class=\"elementor elementor-16651 elementor-4400\">\n\t\t\t\t\t\t<section class=\"wd-negative-gap elementor-section elementor-top-section elementor-element elementor-element-3c548bca elementor-section-boxed elementor-section-height-default elementor-section-height-default\" data-id=\"3c548bca\" data-element_type=\"section\">\n\t\t\t\t\t\t<div class=\"elementor-container elementor-column-gap-default\">\n\t\t\t\t\t<div class=\"elementor-column elementor-col-50 elementor-top-column elementor-element elementor-element-1d354ed7\" data-id=\"1d354ed7\" data-element_type=\"column\">\n\t\t\t<div class=\"elementor-widget-wrap elementor-element-populated\">\n\t\t\t\t\t\t<div class=\"elementor-element elementor-element-3b8f1c6 elementor-widget elementor-widget-wd_image_or_svg\" data-id=\"3b8f1c6\" data-element_type=\"widget\" data-widget_type=\"wd_image_or_svg.default\">\n\t\t\t\t<div class=\"elementor-widget-container\">\n\t\t\t\t\t\n\t\t<div class=\"wd-image text-center\">\n\t\t\t\t\t\t\t\t<img fetchpriority=\"high\" decoding=\"async\" width=\"240\" height=\"313\" src=\"https:\/\/protpool.com\/wp-content\/uploads\/2023\/12\/LOGO-PROTPOOL.png\" class=\"attachment-full size-full\" alt=\"\" srcset=\"https:\/\/protpool.com\/wp-content\/uploads\/2023\/12\/LOGO-PROTPOOL.png 240w, https:\/\/protpool.com\/wp-content\/uploads\/2023\/12\/LOGO-PROTPOOL-230x300.png 230w, https:\/\/protpool.com\/wp-content\/uploads\/2023\/12\/LOGO-PROTPOOL-150x196.png 150w\" sizes=\"(max-width: 240px) 100vw, 240px\" \/>\t\t\t\t\t<\/div>\n\n\t\t\t\t\t\t<\/div>\n\t\t\t\t<\/div>\n\t\t\t\t\t<\/div>\n\t\t<\/div>\n\t\t\t\t<div class=\"elementor-column elementor-col-50 elementor-top-column elementor-element elementor-element-7a9daa7\" data-id=\"7a9daa7\" data-element_type=\"column\">\n\t\t\t<div class=\"elementor-widget-wrap elementor-element-populated\">\n\t\t\t\t\t\t<div class=\"elementor-element elementor-element-18566191 wd-width-100 elementor-widget elementor-widget-wd_title\" data-id=\"18566191\" data-element_type=\"widget\" data-widget_type=\"wd_title.default\">\n\t\t\t\t<div class=\"elementor-widget-container\">\n\t\t\t\t\t\t\t<div class=\"title-wrapper wd-set-mb reset-last-child wd-title-color-primary wd-title-style-underlined wd-title-size-large text-left\">\n\n\t\t\t\n\t\t\t<div class=\"liner-continer\">\n\t\t\t\t<h4 class=\"woodmart-title-container title wd-fontsize-xxl\">Qui\u00e9nes somos<\/h4> \n\t\t\t\t\t\t\t<\/div>\n\n\t\t\t\t\t\t\t<div class=\"title-after_title reset-last-child wd-fontsize-s\">\n\t\t\t\t\t<p><strong>ProtPool<\/strong> nace de la necesidad de lograr un sistema de cierre para piscina que garantice al 100% la seguridad de los m\u00e1s peque\u00f1os, evitando los inconvenientes de la mayor\u00eda de sistemas existentes.<\/p>\t\t\t\t<\/div>\n\t\t\t\t\t<\/div>\n\t\t\t\t\t\t<\/div>\n\t\t\t\t<\/div>\n\t\t\t\t<div class=\"elementor-element elementor-element-cf34ae6 elementor-widget elementor-widget-wd_text_block\" data-id=\"cf34ae6\" data-element_type=\"widget\" data-widget_type=\"wd_text_block.default\">\n\t\t\t\t<div class=\"elementor-widget-container\">\n\t\t\t\t\t\t\t<div class=\"wd-text-block reset-last-child text-left\">\n\t\t\t\n\t\t\t<p><span style=\"color: #3c2c13;\">Las barandillas son poco seguras ya que son f\u00e1cilmente superables, las cubiertas telesc\u00f3picas de policarbonato son aparatosas y rompen la armon\u00eda del jard\u00edn, las lonas son inc\u00f3modas de instalar y se tiende s\u00f3lo a hacerlo en los cambios de temporada, y por \u00faltimo, las cubiertas de persiana flotantes, por ejemplo, aguantan el peso de una persona, pero s\u00f3lo en el centro, no en los extremos de la piscina, por donde, precisamente, acceder\u00eda un ni\u00f1o en una posible distracci\u00f3n. Con estas premisas se ha creado la <strong>cubierta transitable autom\u00e1tica.<\/strong><\/span><span style=\"font-size: 16px; text-align: var(--text-align); background-color: var(--wd-main-bgcolor); color: var(--wd-text-color);\"><\/span><\/p>\n\t\t\t\t\t<\/div>\n\t\t\t\t\t\t<\/div>\n\t\t\t\t<\/div>\n\t\t\t\t<div class=\"elementor-element elementor-element-0130584 elementor-widget elementor-widget-wd_text_block\" data-id=\"0130584\" data-element_type=\"widget\" data-widget_type=\"wd_text_block.default\">\n\t\t\t\t<div class=\"elementor-widget-container\">\n\t\t\t\t\t\t\t<div class=\"wd-text-block reset-last-child text-left\">\n\t\t\t\n\t\t\t<p><span style=\"color: #009bdb;\">Con la cubierta transitable autom\u00e1tica conseguimos nuestro objetivo principal, <strong>seguridad 100%,<\/strong> pero adem\u00e1s <strong>ganamos un nuevo espacio extra<\/strong> en nuestro jard\u00edn, ya que nos permite caminar y practicar cualquier actividad l\u00fadica sobre la plataforma.<\/span><br><span style=\"color: #009bdb;\">Tambi\u00e9n mejoramos aspectos como <strong>la integraci\u00f3n en el entorno<\/strong> gracias a su dise\u00f1o y materiales, y conseguimos mantener la <strong>piscina limpia<\/strong>, protegi\u00e9ndola de hojas y suciedad, optimizando as\u00ed el mantenimiento de la piscina y <strong>ahorrando tiempo y dinero.<\/strong><\/span><\/p>\n\t\t\t\t\t<\/div>\n\t\t\t\t\t\t<\/div>\n\t\t\t\t<\/div>\n\t\t\t\t<div class=\"elementor-element elementor-element-3a1aa31 elementor-widget elementor-widget-wd_text_block\" data-id=\"3a1aa31\" data-element_type=\"widget\" data-widget_type=\"wd_text_block.default\">\n\t\t\t\t<div class=\"elementor-widget-container\">\n\t\t\t\t\t\t\t<div class=\"wd-text-block reset-last-child text-left\">\n\t\t\t\n\t\t\t<p><strong><span style=\"color: #009bdb;\">Lee el art\u00edculo de la entrevista en elPeri\u00f3dico:<\/span><\/strong><\/p>\n\t\t\t\t\t<\/div>\n\t\t\t\t\t\t<\/div>\n\t\t\t\t<\/div>\n\t\t\t\t<div class=\"elementor-element elementor-element-d7449f6 elementor-widget__width-auto elementor-widget elementor-widget-wd_button\" data-id=\"d7449f6\" data-element_type=\"widget\" data-widget_type=\"wd_button.default\">\n\t\t\t\t<div class=\"elementor-widget-container\">\n\t\t\t\t\t\t\t<div class=\"wd-button-wrapper text-center\" >\n\t\t\t<a class=\"btn btn-style-default btn-shape-round btn-size-default btn-color-alt btn-icon-pos-right\"  href=\"https:\/\/www.elperiodico.com\/es\/economia\/20130915\/terrazas-agua-2664950\" target=\"_blank\">\n\t\t\t\t<span class=\"wd-btn-text\" data-elementor-setting-key=\"text\">\n\t\t\t\t\tEntrevista\t\t\t\t<\/span>\n\n\t\t\t\t\t\t\t<\/a>\n\t\t<\/div>\n\t\t\t\t\t\t<\/div>\n\t\t\t\t<\/div>\n\t\t\t\t\t<\/div>\n\t\t<\/div>\n\t\t\t\t\t<\/div>\n\t\t<\/section>\n\t\t\t\t<section class=\"wd-negative-gap elementor-section elementor-top-section elementor-element elementor-element-f52d5ba wd-section-stretch elementor-section-boxed elementor-section-height-default elementor-section-height-default\" data-id=\"f52d5ba\" data-element_type=\"section\" data-settings=\"{&quot;background_background&quot;:&quot;classic&quot;}\">\n\t\t\t\t\t\t<div class=\"elementor-container elementor-column-gap-default\">\n\t\t\t\t\t<div class=\"elementor-column elementor-col-100 elementor-top-column elementor-element elementor-element-e1c1492\" data-id=\"e1c1492\" data-element_type=\"column\">\n\t\t\t<div class=\"elementor-widget-wrap elementor-element-populated\">\n\t\t\t\t\t\t<div class=\"elementor-element elementor-element-bd7b235 wd-width-100 elementor-widget elementor-widget-wd_title\" data-id=\"bd7b235\" data-element_type=\"widget\" data-widget_type=\"wd_title.default\">\n\t\t\t\t<div class=\"elementor-widget-container\">\n\t\t\t\t\t\t\t<div class=\"title-wrapper wd-set-mb reset-last-child wd-title-color-primary wd-title-style-underlined wd-title-size-large text-left\">\n\n\t\t\t\n\t\t\t<div class=\"liner-continer\">\n\t\t\t\t<h4 class=\"woodmart-title-container title wd-fontsize-xxl\">\u00bfPor qu\u00e9 Protpool?<\/h4> \n\t\t\t\t\t\t\t<\/div>\n\n\t\t\t\t\t<\/div>\n\t\t\t\t\t\t<\/div>\n\t\t\t\t<\/div>\n\t\t\t\t<div class=\"elementor-element elementor-element-0c7bd8a elementor-widget elementor-widget-wd_infobox_carousel\" data-id=\"0c7bd8a\" data-element_type=\"widget\" data-widget_type=\"wd_infobox_carousel.default\">\n\t\t\t\t<div class=\"elementor-widget-container\">\n\t\t\t\t\t\t\t<div class=\"wd-carousel-container info-box-carousel-wrapper\">\n\t\t\t<div class=\"wd-carousel-inner\">\n\t\t\t\t<div class=\"wd-carousel wd-grid info-box-carousel\" data-scroll_per_page=\"yes\" style=\"--wd-col-lg:3;--wd-col-md:3;--wd-col-sm:1;--wd-gap-lg:30px;--wd-gap-sm:10px;\">\n\t\t\t\t\t<div class=\"wd-carousel-wrap\">\n\t\t\t\t\t\t\t\t\t\t\t\t\t\t\t\t\t\t\t\t\t\t<div class=\"info-box-wrapper wd-carousel-item\">\n\t\t\t<div class=\"wd-info-box text-center box-icon-align-top box-style-base color-scheme-  elementor-repeater-item-6491396\">\n\t\t\t\t\t\t\t\t\t<div class=\"box-icon-wrapper  box-with-icon box-icon-simple\">\n\t\t\t\t\t\t<div class=\"info-box-icon\">\n\t\t\t\t\t\t\t\t\t\t\t\t\t\t\t<img decoding=\"async\" width=\"120\" height=\"120\" src=\"https:\/\/protpool.com\/wp-content\/uploads\/2024\/01\/segur-120x120.png\" class=\"attachment-120x120 size-120x120\" alt=\"\" srcset=\"https:\/\/protpool.com\/wp-content\/uploads\/2024\/01\/segur-120x120.png 120w, https:\/\/protpool.com\/wp-content\/uploads\/2024\/01\/segur-150x151.png 150w, https:\/\/protpool.com\/wp-content\/uploads\/2024\/01\/segur-80x80.png 80w, https:\/\/protpool.com\/wp-content\/uploads\/2024\/01\/segur-100x100.png 100w, https:\/\/protpool.com\/wp-content\/uploads\/2024\/01\/segur.png 220w\" sizes=\"(max-width: 120px) 100vw, 120px\" \/>\t\t\t\t\t\t\t\t\t\t\t\t\t<\/div>\n\t\t\t\t\t<\/div>\n\t\t\t\t\n\t\t\t\t<div class=\"info-box-content\">\n\t\t\t\t\t\t\t\t\t\t\t\n\t\t\t\t\t\t<div class=\"info-box-subtitle subtitle-style-default wd-fontsize-xs\"\n\t\t\t\t\t\t\t  data-elementor-setting-key=\"subtitle\">\n\t\t\t\t\t\t\t  #1\t\t\t\t\t\t<\/div>\n\t\t\t\t\t\n\t\t\t\t\t\t\t\t\t\t\t<h4\t\t\t\t\t\tclass=\"info-box-title title box-title-style-default wd-fontsize-m\" data-elementor-setting-key=\"title\">\n\t\t\t\t\t\t\t\tCREAMOS UN ENTORNO <br \/>\nSEGURO Y TRANQUILO\t\t\t\t\t\t<\/h4>\n\t\t\t\t\t\n\t\t\t\t\t<div class=\"info-box-inner reset-last-child\"data-elementor-setting-key=\"content\"><\/div>\n\n\t\t\t\t\t\t\t\t\t<\/div>\n\n\t\t\t\t\t\t\t\t\t<a href=\"#\" class=\"wd-info-box-link wd-fill\" aria-label=\"Infobox link\"><\/a>\n\t\t\t\t\t\t\t<\/div>\n\t\t<\/div>\n\t\t\t\t\t\t\t\t\t\t\t\t\t\t\t\t\t\t\t\t\t\t\t\t<div class=\"info-box-wrapper wd-carousel-item\">\n\t\t\t<div class=\"wd-info-box text-center box-icon-align-top box-style-base color-scheme-  elementor-repeater-item-4136370\">\n\t\t\t\t\t\t\t\t\t<div class=\"box-icon-wrapper  box-with-icon box-icon-simple\">\n\t\t\t\t\t\t<div class=\"info-box-icon\">\n\t\t\t\t\t\t\t\t\t\t\t\t\t\t\t<img decoding=\"async\" width=\"120\" height=\"120\" src=\"https:\/\/protpool.com\/wp-content\/uploads\/2024\/01\/superficie-120x120.png\" class=\"attachment-120x120 size-120x120\" alt=\"\" srcset=\"https:\/\/protpool.com\/wp-content\/uploads\/2024\/01\/superficie-120x120.png 120w, https:\/\/protpool.com\/wp-content\/uploads\/2024\/01\/superficie-150x151.png 150w, https:\/\/protpool.com\/wp-content\/uploads\/2024\/01\/superficie-80x80.png 80w, https:\/\/protpool.com\/wp-content\/uploads\/2024\/01\/superficie.png 220w\" sizes=\"(max-width: 120px) 100vw, 120px\" \/>\t\t\t\t\t\t\t\t\t\t\t\t\t<\/div>\n\t\t\t\t\t<\/div>\n\t\t\t\t\n\t\t\t\t<div class=\"info-box-content\">\n\t\t\t\t\t\t\t\t\t\t\t\n\t\t\t\t\t\t<div class=\"info-box-subtitle subtitle-style-default wd-fontsize-xs\"\n\t\t\t\t\t\t\t  data-elementor-setting-key=\"subtitle\">\n\t\t\t\t\t\t\t#2\t\t\t\t\t\t<\/div>\n\t\t\t\t\t\n\t\t\t\t\t\t\t\t\t\t\t<h4\t\t\t\t\t\tclass=\"info-box-title title box-title-style-default wd-fontsize-m\" data-elementor-setting-key=\"title\">\n\t\t\t\t\t\t\t\tGANAMOS ESPACIO <br \/>\nEN EL JARD\u00cdN\t\t\t\t\t\t<\/h4>\n\t\t\t\t\t\n\t\t\t\t\t<div class=\"info-box-inner reset-last-child\"data-elementor-setting-key=\"content\"><\/div>\n\n\t\t\t\t\t\t\t\t\t<\/div>\n\n\t\t\t\t\t\t\t\t\t<a href=\"#\" class=\"wd-info-box-link wd-fill\" aria-label=\"Infobox link\"><\/a>\n\t\t\t\t\t\t\t<\/div>\n\t\t<\/div>\n\t\t\t\t\t\t\t\t\t\t\t\t\t\t\t\t\t\t\t\t\t\t\t\t<div class=\"info-box-wrapper wd-carousel-item\">\n\t\t\t<div class=\"wd-info-box text-center box-icon-align-top box-style-base color-scheme-  elementor-repeater-item-298051\">\n\t\t\t\t\t\t\t\t\t<div class=\"box-icon-wrapper  box-with-icon box-icon-simple\">\n\t\t\t\t\t\t<div class=\"info-box-icon\">\n\t\t\t\t\t\t\t\t\t\t\t\t\t\t\t<img loading=\"lazy\" decoding=\"async\" width=\"120\" height=\"120\" src=\"https:\/\/protpool.com\/wp-content\/uploads\/2024\/01\/net-120x120.png\" class=\"attachment-120x120 size-120x120\" alt=\"\" srcset=\"https:\/\/protpool.com\/wp-content\/uploads\/2024\/01\/net-120x120.png 120w, https:\/\/protpool.com\/wp-content\/uploads\/2024\/01\/net-150x151.png 150w, https:\/\/protpool.com\/wp-content\/uploads\/2024\/01\/net-80x80.png 80w, https:\/\/protpool.com\/wp-content\/uploads\/2024\/01\/net.png 220w\" sizes=\"(max-width: 120px) 100vw, 120px\" \/>\t\t\t\t\t\t\t\t\t\t\t\t\t<\/div>\n\t\t\t\t\t<\/div>\n\t\t\t\t\n\t\t\t\t<div class=\"info-box-content\">\n\t\t\t\t\t\t\t\t\t\t\t\n\t\t\t\t\t\t<div class=\"info-box-subtitle subtitle-style-default wd-fontsize-xs\"\n\t\t\t\t\t\t\t  data-elementor-setting-key=\"subtitle\">\n\t\t\t\t\t\t\t#3\t\t\t\t\t\t<\/div>\n\t\t\t\t\t\n\t\t\t\t\t\t\t\t\t\t\t<h4\t\t\t\t\t\tclass=\"info-box-title title box-title-style-default wd-fontsize-m\" data-elementor-setting-key=\"title\">\n\t\t\t\t\t\t\t\tMANTENEMOS LIMPIA <br \/>\nLA PISCINA\t\t\t\t\t\t<\/h4>\n\t\t\t\t\t\n\t\t\t\t\t<div class=\"info-box-inner reset-last-child\"data-elementor-setting-key=\"content\"><\/div>\n\n\t\t\t\t\t\t\t\t\t<\/div>\n\n\t\t\t\t\t\t\t\t\t<a href=\"#\" class=\"wd-info-box-link wd-fill\" aria-label=\"Infobox link\"><\/a>\n\t\t\t\t\t\t\t<\/div>\n\t\t<\/div>\n\t\t\t\t\t\t\t\t\t\t\t\t\t<\/div>\n\t\t\t\t<\/div>\n\n\t\t\t\t\t\t\t\t\t\t\t<div class=\"wd-nav-arrows wd-pos-sep wd-hover-1 wd-icon-1\">\n\t\t\t<div class=\"wd-btn-arrow wd-prev wd-disabled\">\n\t\t\t\t<div class=\"wd-arrow-inner\"><\/div>\n\t\t\t<\/div>\n\t\t\t<div class=\"wd-btn-arrow wd-next\">\n\t\t\t\t<div class=\"wd-arrow-inner\"><\/div>\n\t\t\t<\/div>\n\t\t<\/div>\n\t\t\t\t\t\t\t\t\t<\/div>\n\n\t\t\t\t\t\t\t\t<\/div>\n\t\t\t\t\t\t<\/div>\n\t\t\t\t<\/div>\n\t\t\t\t\t<\/div>\n\t\t<\/div>\n\t\t\t\t\t<\/div>\n\t\t<\/section>\n\t\t\t\t<section class=\"wd-negative-gap elementor-section elementor-top-section elementor-element elementor-element-662edfd elementor-section-boxed elementor-section-height-default elementor-section-height-default\" data-id=\"662edfd\" data-element_type=\"section\">\n\t\t\t\t\t\t<div class=\"elementor-container elementor-column-gap-default\">\n\t\t\t\t\t<div class=\"elementor-column elementor-col-100 elementor-top-column elementor-element elementor-element-2246471\" data-id=\"2246471\" data-element_type=\"column\">\n\t\t\t<div class=\"elementor-widget-wrap elementor-element-populated\">\n\t\t\t\t\t\t<div class=\"elementor-element elementor-element-b060d5e elementor-widget elementor-widget-image\" data-id=\"b060d5e\" data-element_type=\"widget\" data-widget_type=\"image.default\">\n\t\t\t\t<div class=\"elementor-widget-container\">\n\t\t\t\t\t\t\t\t\t\t\t\t\t\t\t<img loading=\"lazy\" decoding=\"async\" width=\"1300\" height=\"15\" src=\"https:\/\/protpool.com\/wp-content\/uploads\/2024\/01\/A9R17ttowv_1v73846_d9k-1300x15.png\" class=\"attachment-large size-large wp-image-15646\" alt=\"\" srcset=\"https:\/\/protpool.com\/wp-content\/uploads\/2024\/01\/A9R17ttowv_1v73846_d9k-1300x15.png 1300w, https:\/\/protpool.com\/wp-content\/uploads\/2024\/01\/A9R17ttowv_1v73846_d9k-400x5.png 400w, https:\/\/protpool.com\/wp-content\/uploads\/2024\/01\/A9R17ttowv_1v73846_d9k-768x9.png 768w, https:\/\/protpool.com\/wp-content\/uploads\/2024\/01\/A9R17ttowv_1v73846_d9k-1536x17.png 1536w, https:\/\/protpool.com\/wp-content\/uploads\/2024\/01\/A9R17ttowv_1v73846_d9k-860x10.png 860w, https:\/\/protpool.com\/wp-content\/uploads\/2024\/01\/A9R17ttowv_1v73846_d9k-430x5.png 430w, https:\/\/protpool.com\/wp-content\/uploads\/2024\/01\/A9R17ttowv_1v73846_d9k-700x8.png 700w, https:\/\/protpool.com\/wp-content\/uploads\/2024\/01\/A9R17ttowv_1v73846_d9k-150x2.png 150w, https:\/\/protpool.com\/wp-content\/uploads\/2024\/01\/A9R17ttowv_1v73846_d9k.png 1950w\" sizes=\"(max-width: 1300px) 100vw, 1300px\" \/>\t\t\t\t\t\t\t\t\t\t\t\t\t\t\t<\/div>\n\t\t\t\t<\/div>\n\t\t\t\t\t<\/div>\n\t\t<\/div>\n\t\t\t\t\t<\/div>\n\t\t<\/section>\n\t\t\t\t<\/div>\n\t\t","protected":false},"excerpt":{"rendered":"<p>Qui\u00e9nes somos ProtPool nace de la necesidad de lograr un sistema de cierre para piscina que garantice al 100% la<\/p>\n","protected":false},"author":1,"featured_media":0,"parent":0,"menu_order":0,"comment_status":"closed","ping_status":"closed","template":"","meta":{"_monsterinsights_skip_tracking":false,"_monsterinsights_sitenote_active":false,"_monsterinsights_sitenote_note":"","_monsterinsights_sitenote_category":0,"footnotes":""},"class_list":["post-16651","page","type-page","status-publish","hentry"],"aioseo_notices":[],"_links":{"self":[{"href":"https:\/\/protpool.com\/es\/wp-json\/wp\/v2\/pages\/16651","targetHints":{"allow":["GET"]}}],"collection":[{"href":"https:\/\/protpool.com\/es\/wp-json\/wp\/v2\/pages"}],"about":[{"href":"https:\/\/protpool.com\/es\/wp-json\/wp\/v2\/types\/page"}],"author":[{"embeddable":true,"href":"https:\/\/protpool.com\/es\/wp-json\/wp\/v2\/users\/1"}],"replies":[{"embeddable":true,"href":"https:\/\/protpool.com\/es\/wp-json\/wp\/v2\/comments?post=16651"}],"version-history":[{"count":5,"href":"https:\/\/protpool.com\/es\/wp-json\/wp\/v2\/pages\/16651\/revisions"}],"predecessor-version":[{"id":16733,"href":"https:\/\/protpool.com\/es\/wp-json\/wp\/v2\/pages\/16651\/revisions\/16733"}],"wp:attachment":[{"href":"https:\/\/protpool.com\/es\/wp-json\/wp\/v2\/media?parent=16651"}],"curies":[{"name":"wp","href":"https:\/\/api.w.org\/{rel}","templated":true}]}}